{"id":2489,"date":"2022-08-12T14:04:58","date_gmt":"2022-08-12T14:04:58","guid":{"rendered":"https:\/\/oceanslakesrivershipping.com\/?page_id=2489"},"modified":"2023-07-31T03:02:56","modified_gmt":"2023-07-31T03:02:56","slug":"crewing-job-apply","status":"publish","type":"page","link":"https:\/\/oceanslakesrivershipping.com\/es\/crewing-job-apply\/","title":{"rendered":"Tripulaci\u00f3n"},"content":{"rendered":"<section  class=\"content-section text-center no-spacing\" ><div class=\"container\"><div class=\"vc_row wpb_row vc_row-fluid job-post-section vc_custom_1670865045687\"><div class=\"wpb_column vc_column_container vc_col-sm-12\"><div class=\"vc_column-inner\"><div class=\"wpb_wrapper\"><div class=\"section-title\"  style='color:#212223;' >\n\t\n\t\n\t\n\t\n\t \t<figure> <img decoding=\"async\" src=\"https:\/\/oceanslakesrivershipping.com\/wp-content\/themes\/qesco\/images\/section-title-shape.png\" alt=\"Image\"> <\/figure>\n\t\t\n  \n\t  <h6> Recientemente a\u00f1adido <\/h6>\n      <h2>Oferta de trabajo<\/h2>\n  \t\n\t <\/div>\n\n\t<div class=\"wpb_gallery wpb_posts_slider wpb_content_element padding_margins\" >\n\t\t<div class=\"wpb_wrapper\">\n\t\t\t\n\t\t\t<div class=\"wpb_gallery_slides wpb_flexslider flexslider_fade flexslider\" data-interval=\"3\" data-flex_fx=\"fade\"><ul class=\"slides\"><li><div class=\"flex-caption\"><h2 class=\"post-title\">Cook assistant<\/h2><p>Looking for a cook assistant, 2 year experience minimum.<\/p>\n<\/div><\/li><li><div class=\"flex-caption\"><h2 class=\"post-title\">Captain position offering<\/h2><p>we are looking for a 2 months contract with&#8230;<\/p>\n<\/div><\/li><\/ul><\/div>\n\t\t<\/div>\n\t<\/div>\n<\/div><\/div><\/div><\/div><\/div><\/section><section  class=\"content-section\" ><div class=\"container\"><div class=\"vc_row wpb_row vc_row-fluid\"><div class=\"wpb_column vc_column_container vc_col-sm-12\"><div class=\"vc_column-inner\"><div class=\"wpb_wrapper\"><div class=\"section-title  text-left\"  style='color:#212223;' >\n\t\n\t\n\t\n\t\n\t \t\n  \n\t  <h6> Buscas una oportunidad de trabajo? <\/h6>\n      <h2>Si desea solicitar un puesto de trabajo, p\u00f3ngase en contacto con nosotros a trav\u00e9s de este formulario<\/h2>\n  \t\n\t <\/div>\n\n\t<div class=\"wpb_text_column wpb_content_element\" >\n\t\t<div class=\"wpb_wrapper\">\n\t\t\t<ol>\n<li><strong>Descargue<\/strong> el <strong>formulario de solicitud<\/strong> a continuaci\u00f3n y compl\u00e9tela tanto como sea posible o env\u00edenos su CV<\/li>\n<li>Complete los 6 <strong>campos a continuaci\u00f3n<\/strong>.<\/li>\n<li><strong>Cargue<\/strong> el <strong>formulario de solicitud o tu curr\u00edculum<\/strong> (pdf \u00fanicamente) y haga clic en <strong>enviar mensaje<\/strong><\/li>\n<\/ol>\n\n\t\t<\/div>\n\t<\/div>\n<div class=\"vc_btn3-container vc_btn3-inline\" ><a class=\"vc_general vc_btn3 vc_btn3-size-md vc_btn3-shape-rounded vc_btn3-style-modern vc_btn3-color-danger\" href=\"https:\/\/oceanslakesrivershipping.com\/wp-content\/uploads\/2022\/12\/application_-_cv_000.doc\" title=\"\" target=\"_blank\">Formulario de solicitud<\/a><\/div>\n<div class=\"wpcf7 no-js\" id=\"wpcf7-f6-o1\" lang=\"en-US\" dir=\"ltr\" data-wpcf7-id=\"6\">\n<div class=\"screen-reader-response\"><p role=\"status\" aria-live=\"polite\" aria-atomic=\"true\"><\/p> <ul><\/ul><\/div>\n<form action=\"\/es\/wp-json\/wp\/v2\/pages\/2489#wpcf7-f6-o1\" method=\"post\" class=\"wpcf7-form init\" aria-label=\"Contact form\" enctype=\"multipart\/form-data\" novalidate=\"novalidate\" data-status=\"init\" data-trp-original-action=\"\/es\/wp-json\/wp\/v2\/pages\/2489#wpcf7-f6-o1\">\n<fieldset class=\"hidden-fields-container\"><input type=\"hidden\" name=\"_wpcf7\" value=\"6\" \/><input type=\"hidden\" name=\"_wpcf7_version\" value=\"6.1.5\" \/><input type=\"hidden\" name=\"_wpcf7_locale\" value=\"en_US\" \/><input type=\"hidden\" name=\"_wpcf7_unit_tag\" value=\"wpcf7-f6-o1\" \/><input type=\"hidden\" name=\"_wpcf7_container_post\" value=\"0\" \/><input type=\"hidden\" name=\"_wpcf7_posted_data_hash\" value=\"\" \/><input type=\"hidden\" name=\"_wpcf7_recaptcha_response\" value=\"\" \/>\n<\/fieldset>\n<div class=\"contact-form\">\n\t<div class=\"row inner col-md-12 col-sm-12\">\n\t\t<div class=\"form-group col-lg-4 col-md-12 col-sm-12\">\n\t\t\t<p><span class=\"wpcf7-form-control-wrap\" data-name=\"Complete-name\"><input size=\"40\" maxlength=\"400\" class=\"wpcf7-form-control wpcf7-text wpcf7-validates-as-required\" aria-required=\"true\" aria-invalid=\"false\" placeholder=\"Nombre completo\" value=\"\" type=\"text\" name=\"Complete-name\" \/><\/span>\n\t\t\t<\/p>\n\t\t<\/div> \n\t\t\t\t<!-- end form-group -->\n\t\t<div class=\"form-group col-lg-4 col-md-12 col-sm-12\">\n\t\t\t<p><span class=\"wpcf7-form-control-wrap\" data-name=\"email\"><input size=\"40\" maxlength=\"400\" class=\"wpcf7-form-control wpcf7-email wpcf7-validates-as-required wpcf7-text wpcf7-validates-as-email\" aria-required=\"true\" aria-invalid=\"false\" placeholder=\"Email\" value=\"\" type=\"email\" name=\"email\" \/><\/span>\n\t\t\t<\/p>\n\t\t<\/div> \n\t\t\t\t<!-- end form-group -->\n\t\t<div class=\"form-group col-lg-4 col-md-12 col-sm-12\">\n\t\t\t<p><span class=\"wpcf7-form-control-wrap\" data-name=\"tel\"><input size=\"40\" maxlength=\"400\" class=\"wpcf7-form-control wpcf7-tel wpcf7-validates-as-required wpcf7-text wpcf7-validates-as-tel\" aria-required=\"true\" aria-invalid=\"false\" placeholder=\"N\u00ba de tel\u00e9fono\" value=\"\" type=\"tel\" name=\"tel\" \/><\/span>\n\t\t\t<\/p>\n\t\t<\/div> \n\t\t\t\t<!-- end form-group -->\n\t\t<div class=\"form-group col-lg-4 col-md-12 col-sm-12\">\n\t\t\t<p><span class=\"wpcf7-form-control-wrap\" data-name=\"Position\"><select class=\"wpcf7-form-control wpcf7-select wpcf7-validates-as-required\" aria-required=\"true\" aria-invalid=\"false\" name=\"Position\"><option value=\"Master Mariner\">Capitan<\/option><option value=\"Master Illimited\">Capitan ilimitado<\/option><option value=\"Master less 500 Tons\">Capitan &lt; 500 Toneladas<\/option><option value=\"Chief Mate\">Primer oficial de puente<\/option><option value=\"Second Mate\">Segundo de a bordo<\/option><option value=\"Third Mate\">Tercer Oficial<\/option><option value=\"Deck Cadet\">Cadete de cubierta<\/option><option value=\"Chief Engineer unlimited\">Jefe Ingenerio &gt; 3000 HP<\/option><option value=\"Chief Engineer &lt;3000 HP\">Jefe Ingeniero &lt; 3000 HP<\/option><option value=\"Second Engineer\">Segundo Ingeniero<\/option><option value=\"Third Engineer\">Tercer Ingeniero<\/option><option value=\"Fourth Engineer\">Cuarto Ingeniero<\/option><option value=\"Engine Cadet\">Cadete de maquinas<\/option><option value=\"Electrician\">Electricista<\/option><option value=\"Boatswain\">Boatswain<\/option><option value=\"Pump Man\">Bombero<\/option><option value=\"Able-Bodied Seaman (AB)\">Marinero Timonel<\/option><option value=\"Ordinary Seaman(OS)\">Marinero ordinario<\/option><option value=\"Fitter\/Mechanic\">Soldador \/ Mecanico<\/option><option value=\"Oiler(M\/A)\">Oiler(M\/A)<\/option><option value=\"Wiper\">Limpiador<\/option><option value=\"Chief Cook\">Jefe de cocina<\/option><option value=\"Steward\">Mayordomo<\/option><option value=\"Cook Assistant\">Asistente de cocina<\/option><\/select><\/span>\n\t\t\t<\/p>\n\t\t<\/div> \n\t\t\t\t<!-- end form-group -->\n\t\t<div class=\"form-group col-lg-4 col-md-12 col-sm-12\">\n\t\t\t<p><span class=\"wpcf7-form-control-wrap\" data-name=\"Nationality\"><input size=\"40\" maxlength=\"400\" class=\"wpcf7-form-control wpcf7-text wpcf7-validates-as-required\" aria-required=\"true\" aria-invalid=\"false\" placeholder=\"Nacionalidad\" value=\"\" type=\"text\" name=\"Nationality\" \/><\/span>\n\t\t\t<\/p>\n\t\t<\/div> \n\t\t\t\t<!-- end form-group -->\n\t\t<div class=\"form-group col-lg-4 col-md-12\">\n\t\t\t<p><span class=\"wpcf7-form-control-wrap\" data-name=\"license-country\"><input size=\"40\" maxlength=\"400\" class=\"wpcf7-form-control wpcf7-text wpcf7-validates-as-required\" aria-required=\"true\" aria-invalid=\"false\" placeholder=\"Pa\u00eds de licencia actual\" value=\"\" type=\"text\" name=\"license-country\" \/><\/span>\n\t\t\t<\/p>\n\t\t<\/div> \n\t\t\t\t<!-- end form-group -->\n\t\t<div class=\"form-group collg-4 col-12 col-sm-12\">\n\t\t\t<p><i>Cargue su curr\u00edculum solo en archivo PDF<\/i><br \/>\n<span class=\"wpcf7-form-control-wrap\" data-name=\"Application-form\"><input size=\"40\" class=\"wpcf7-form-control wpcf7-file wpcf7-validates-as-required\" accept=\".pdf\" aria-required=\"true\" aria-invalid=\"false\" type=\"file\" name=\"Application-form\" \/><\/span>\n\t\t\t<\/p>\n\t\t<\/div>\n\t\t<div class=\"form-group col-12 col-sm-12\">\n\t\t\t<p><input style=\"position:relative; float:right;\" type=\"submit\" value=\"ENVIAR MENSAJE\" \/>\n\t\t\t<\/p>\n\t\t<\/div> \n\n\n\n\t\t\t\t<!-- end form-group -->\n\t<\/div>\n\t\t\t <!-- end row inner -->\n<\/div><div class=\"wpcf7-response-output\" aria-hidden=\"true\"><\/div>\n<input type=\"hidden\" name=\"trp-form-language\" value=\"es\"\/><\/form>\n<\/div>\n<\/div><\/div><\/div><\/div><\/div><\/section><section  class=\"content-section text-center\" ><div class=\"container\"><div class=\"vc_row wpb_row vc_row-fluid\"><div class=\"wpb_column vc_column_container vc_col-sm-12\"><div class=\"vc_column-inner\"><div class=\"wpb_wrapper\"><div class=\"container\"><div class=\"vc_row wpb_row vc_inner vc_row-fluid justify-content-center\"><div class=\"wpb_column vc_column_container vc_col-sm-12 vc_col-md-5\"><div class=\"vc_column-inner vc_custom_1670864918683\"><div class=\"wpb_wrapper\"><div class=\"contact-box\" >\n  \n\t\n\t\n\t\n\t\n\t\n\t\n  \n    <h5>Oficina Per\u00fa (Oficina Central)<\/h5>\n    <address>1559 avenida angamos este surquillo<br \/>\ndept B1301, Lima - Peru<br \/>\nPhone: +1 514-570-3200<br \/>\nPhone 2 : +51 967-930-840<br \/>\nEmail: info@oceanslakesrivershipping.com<\/address>\n\t\n\t\n\t \n<\/div>\n<\/div><\/div><\/div><\/div><\/div><\/div><\/div><\/div><\/div><\/div><\/section>","protected":false},"excerpt":{"rendered":"we are looking for a 2 months contract with...","protected":false},"author":1,"featured_media":0,"parent":0,"menu_order":0,"comment_status":"closed","ping_status":"closed","template":"page-builder.php","meta":{"footnotes":""},"class_list":["post-2489","page","type-page","status-publish","hentry"],"acf":[],"yoast_head":"<!-- This site is optimized with the Yoast SEO plugin v26.9 - https:\/\/yoast.com\/product\/yoast-seo-wordpress\/ -->\n<title>Maritime Jobs - apply for a position as a marine ship crew member<\/title>\n<meta name=\"description\" content=\"Embark on an exciting and challenging career by becoming a seamen crew member, Apply and find job opportunities onboard a ship.\" \/>\n<meta name=\"robots\" content=\"index, follow, max-snippet:-1, max-image-preview:large, max-video-preview:-1\" \/>\n<link rel=\"canonical\" href=\"https:\/\/oceanslakesrivershipping.com\/es\/crewing-job-apply\/\" \/>\n<meta property=\"og:locale\" content=\"es_ES\" \/>\n<meta property=\"og:type\" content=\"article\" \/>\n<meta property=\"og:title\" content=\"Maritime Jobs - apply for a position as a marine ship crew member\" \/>\n<meta property=\"og:description\" content=\"Embark on an exciting and challenging career by becoming a seamen crew member, Apply and find job opportunities onboard a ship.\" \/>\n<meta property=\"og:url\" content=\"https:\/\/oceanslakesrivershipping.com\/es\/crewing-job-apply\/\" \/>\n<meta property=\"og:site_name\" content=\"Oceans Lakes &amp; Rivers Shipping\" \/>\n<meta property=\"article:modified_time\" content=\"2023-07-31T03:02:56+00:00\" \/>\n<meta name=\"twitter:card\" content=\"summary_large_image\" \/>\n<meta name=\"twitter:label1\" content=\"Tiempo de lectura\" \/>\n\t<meta name=\"twitter:data1\" content=\"1 minuto\" \/>\n<script type=\"application\/ld+json\" class=\"yoast-schema-graph\">{\"@context\":\"https:\/\/schema.org\",\"@graph\":[{\"@type\":\"WebPage\",\"@id\":\"https:\/\/oceanslakesrivershipping.com\/crewing-job-apply\/\",\"url\":\"https:\/\/oceanslakesrivershipping.com\/crewing-job-apply\/\",\"name\":\"Maritime Jobs - apply for a position as a marine ship crew member\",\"isPartOf\":{\"@id\":\"https:\/\/oceanslakesrivershipping.com\/#website\"},\"datePublished\":\"2022-08-12T14:04:58+00:00\",\"dateModified\":\"2023-07-31T03:02:56+00:00\",\"description\":\"Embark on an exciting and challenging career by becoming a seamen crew member, Apply and find job opportunities onboard a ship.\",\"breadcrumb\":{\"@id\":\"https:\/\/oceanslakesrivershipping.com\/crewing-job-apply\/#breadcrumb\"},\"inLanguage\":\"es\",\"potentialAction\":[{\"@type\":\"ReadAction\",\"target\":[\"https:\/\/oceanslakesrivershipping.com\/crewing-job-apply\/\"]}]},{\"@type\":\"BreadcrumbList\",\"@id\":\"https:\/\/oceanslakesrivershipping.com\/crewing-job-apply\/#breadcrumb\",\"itemListElement\":[{\"@type\":\"ListItem\",\"position\":1,\"name\":\"Home\",\"item\":\"https:\/\/oceanslakesrivershipping.com\/\"},{\"@type\":\"ListItem\",\"position\":2,\"name\":\"Crewing\"}]},{\"@type\":\"WebSite\",\"@id\":\"https:\/\/oceanslakesrivershipping.com\/#website\",\"url\":\"https:\/\/oceanslakesrivershipping.com\/\",\"name\":\"Oceans Lakes & Rivers Shipping\",\"description\":\"Ship crew management\",\"publisher\":{\"@id\":\"https:\/\/oceanslakesrivershipping.com\/#organization\"},\"alternateName\":\"Oceans Lakes & Rivers Maritime Crewing\",\"potentialAction\":[{\"@type\":\"SearchAction\",\"target\":{\"@type\":\"EntryPoint\",\"urlTemplate\":\"https:\/\/oceanslakesrivershipping.com\/?s={search_term_string}\"},\"query-input\":{\"@type\":\"PropertyValueSpecification\",\"valueRequired\":true,\"valueName\":\"search_term_string\"}}],\"inLanguage\":\"es\"},{\"@type\":\"Organization\",\"@id\":\"https:\/\/oceanslakesrivershipping.com\/#organization\",\"name\":\"Oceans Lakes & Rivers Shipping\",\"url\":\"https:\/\/oceanslakesrivershipping.com\/\",\"logo\":{\"@type\":\"ImageObject\",\"inLanguage\":\"es\",\"@id\":\"https:\/\/oceanslakesrivershipping.com\/#\/schema\/logo\/image\/\",\"url\":\"https:\/\/oceanslakesrivershipping.com\/wp-content\/uploads\/2022\/08\/olr_logo@2x-1.png\",\"contentUrl\":\"https:\/\/oceanslakesrivershipping.com\/wp-content\/uploads\/2022\/08\/olr_logo@2x-1.png\",\"width\":379,\"height\":110,\"caption\":\"Oceans Lakes & Rivers Shipping\"},\"image\":{\"@id\":\"https:\/\/oceanslakesrivershipping.com\/#\/schema\/logo\/image\/\"}}]}<\/script>\n<!-- \/ Yoast SEO plugin. -->","yoast_head_json":{"title":"Maritime Jobs - apply for a position as a marine ship crew member","description":"Embark on an exciting and challenging career by becoming a seamen crew member, Apply and find job opportunities onboard a ship.","robots":{"index":"index","follow":"follow","max-snippet":"max-snippet:-1","max-image-preview":"max-image-preview:large","max-video-preview":"max-video-preview:-1"},"canonical":"https:\/\/oceanslakesrivershipping.com\/es\/crewing-job-apply\/","og_locale":"es_ES","og_type":"article","og_title":"Maritime Jobs - apply for a position as a marine ship crew member","og_description":"Embark on an exciting and challenging career by becoming a seamen crew member, Apply and find job opportunities onboard a ship.","og_url":"https:\/\/oceanslakesrivershipping.com\/es\/crewing-job-apply\/","og_site_name":"Oceans Lakes &amp; Rivers Shipping","article_modified_time":"2023-07-31T03:02:56+00:00","twitter_card":"summary_large_image","twitter_misc":{"Tiempo de lectura":"1 minuto"},"schema":{"@context":"https:\/\/schema.org","@graph":[{"@type":"WebPage","@id":"https:\/\/oceanslakesrivershipping.com\/crewing-job-apply\/","url":"https:\/\/oceanslakesrivershipping.com\/crewing-job-apply\/","name":"Maritime Jobs - apply for a position as a marine ship crew member","isPartOf":{"@id":"https:\/\/oceanslakesrivershipping.com\/#website"},"datePublished":"2022-08-12T14:04:58+00:00","dateModified":"2023-07-31T03:02:56+00:00","description":"Embark on an exciting and challenging career by becoming a seamen crew member, Apply and find job opportunities onboard a ship.","breadcrumb":{"@id":"https:\/\/oceanslakesrivershipping.com\/crewing-job-apply\/#breadcrumb"},"inLanguage":"es","potentialAction":[{"@type":"ReadAction","target":["https:\/\/oceanslakesrivershipping.com\/crewing-job-apply\/"]}]},{"@type":"BreadcrumbList","@id":"https:\/\/oceanslakesrivershipping.com\/crewing-job-apply\/#breadcrumb","itemListElement":[{"@type":"ListItem","position":1,"name":"Home","item":"https:\/\/oceanslakesrivershipping.com\/"},{"@type":"ListItem","position":2,"name":"Crewing"}]},{"@type":"WebSite","@id":"https:\/\/oceanslakesrivershipping.com\/#website","url":"https:\/\/oceanslakesrivershipping.com\/","name":"Oceans Lakes & Rivers Shipping","description":"Ship crew management","publisher":{"@id":"https:\/\/oceanslakesrivershipping.com\/#organization"},"alternateName":"Oceans Lakes & Rivers Maritime Crewing","potentialAction":[{"@type":"SearchAction","target":{"@type":"EntryPoint","urlTemplate":"https:\/\/oceanslakesrivershipping.com\/?s={search_term_string}"},"query-input":{"@type":"PropertyValueSpecification","valueRequired":true,"valueName":"search_term_string"}}],"inLanguage":"es"},{"@type":"Organization","@id":"https:\/\/oceanslakesrivershipping.com\/#organization","name":"Oceans Lakes & Rivers Shipping","url":"https:\/\/oceanslakesrivershipping.com\/","logo":{"@type":"ImageObject","inLanguage":"es","@id":"https:\/\/oceanslakesrivershipping.com\/#\/schema\/logo\/image\/","url":"https:\/\/oceanslakesrivershipping.com\/wp-content\/uploads\/2022\/08\/olr_logo@2x-1.png","contentUrl":"https:\/\/oceanslakesrivershipping.com\/wp-content\/uploads\/2022\/08\/olr_logo@2x-1.png","width":379,"height":110,"caption":"Oceans Lakes & Rivers Shipping"},"image":{"@id":"https:\/\/oceanslakesrivershipping.com\/#\/schema\/logo\/image\/"}}]}},"_links":{"self":[{"href":"https:\/\/oceanslakesrivershipping.com\/es\/wp-json\/wp\/v2\/pages\/2489","targetHints":{"allow":["GET"]}}],"collection":[{"href":"https:\/\/oceanslakesrivershipping.com\/es\/wp-json\/wp\/v2\/pages"}],"about":[{"href":"https:\/\/oceanslakesrivershipping.com\/es\/wp-json\/wp\/v2\/types\/page"}],"author":[{"embeddable":true,"href":"https:\/\/oceanslakesrivershipping.com\/es\/wp-json\/wp\/v2\/users\/1"}],"replies":[{"embeddable":true,"href":"https:\/\/oceanslakesrivershipping.com\/es\/wp-json\/wp\/v2\/comments?post=2489"}],"version-history":[{"count":54,"href":"https:\/\/oceanslakesrivershipping.com\/es\/wp-json\/wp\/v2\/pages\/2489\/revisions"}],"predecessor-version":[{"id":2996,"href":"https:\/\/oceanslakesrivershipping.com\/es\/wp-json\/wp\/v2\/pages\/2489\/revisions\/2996"}],"wp:attachment":[{"href":"https:\/\/oceanslakesrivershipping.com\/es\/wp-json\/wp\/v2\/media?parent=2489"}],"curies":[{"name":"wp","href":"https:\/\/api.w.org\/{rel}","templated":true}]}}