{"id":25,"date":"2020-10-30T12:11:44","date_gmt":"2020-10-30T12:11:44","guid":{"rendered":"http:\/\/qesco.themezinho.net\/?page_id=25"},"modified":"2023-02-07T02:34:35","modified_gmt":"2023-02-07T02:34:35","slug":"services","status":"publish","type":"page","link":"https:\/\/oceanslakesrivershipping.com\/es\/services\/","title":{"rendered":"Servicios"},"content":{"rendered":"<section  class=\"content-section\" ><div class=\"container\"><div class=\"vc_row wpb_row vc_row-fluid\"><div class=\"wpb_column vc_column_container vc_col-sm-12\"><div class=\"vc_column-inner\"><div class=\"wpb_wrapper\"><div class=\"vc_row wpb_row vc_inner vc_row-fluid\"><div class=\"wpb_column vc_column_container vc_col-sm-12\"><div class=\"vc_column-inner\"><div class=\"wpb_wrapper\"><div class=\"section-title\"  style='color:#212223;' >\n\t\n\t\n\t\n\t\n\t \t<figure> <img decoding=\"async\" src=\"https:\/\/oceanslakesrivershipping.com\/wp-content\/themes\/qesco\/images\/section-title-shape.png\" alt=\"Image\"> <\/figure>\n\t\t\n  \n\t    <h2>SERVICIOS MAR\u00cdTIMOS PROFESIONALES<\/h2>\n  \t\n\t <\/div>\n<\/div><\/div><\/div><\/div><\/div><\/div><\/div><\/div><\/div><\/section><section  class=\"content-section no-spacing\" style=\"background-color: #efebe6;\"><div class=\"container\"><div class=\"vc_row wpb_row vc_row-fluid vc_custom_1660303915955 vc_row-o-content-middle vc_row-flex\"><div class=\"wpb_column vc_column_container vc_col-sm-12 vc_col-md-6\"><div class=\"vc_column-inner vc_custom_1660267519157\"><div class=\"wpb_wrapper\">\n\n\n\n<div  class=\"side-content left\" >\n\n\t<h3>Gesti\u00f3n de Tripulacion<\/h3>\n<p>El principal negocio de Oceans Lakes &amp; Rivers es la gestion de tripulaci\u00f3n: la dotaci\u00f3n de barcos. Prestamos especial atenci\u00f3n a la hora de seleccionar a la gente de mar para nuestros clientes. Todos nuestros marinos seleccionados son verificados y, a partir de ahora, tambi\u00e9n deben tener todas las vacunas (covid-19) al d\u00eda.<\/p>\n<h5>Visas y Viajes de Tripulaci\u00f3n de Barcos<\/h5>\n<p>Podemos encargarnos de VISAS para gente de mar para cualquier pa\u00eds, pero nos especializamos para Am\u00e9rica Latina como M\u00e9xico, Per\u00fa, Chile, Cuba, etc.<br \/>\nNuestro departamento de Viajes \u2013 Agencia organizar\u00e1 los viajes desde y hacia el barco, los hoteles y todas las tareas con el fin de llevar a la gente de mar a salvo a su destino en el menor tiempo posible.<\/p>\n<h5>Seguro de Tripulaci\u00f3n de Barcos<\/h5>\n<p>OLR se encarga del seguro de cada tripulante antes de abordar un barco.<\/p>\n\n  \n\t \n\t\n<\/div>\n<\/div><\/div><\/div><div class=\"wpb_column vc_column_container vc_col-sm-12 vc_col-md-6\"><div class=\"vc_column-inner vc_custom_1604246217232\"><div class=\"wpb_wrapper\"><figure class=\"side-image full-right\" > \n\t\n\t\n\t\t\t\t\n\t\t\t\n\t<img decoding=\"async\" src=\"https:\/\/oceanslakesrivershipping.com\/wp-content\/uploads\/2023\/01\/ship101.jpg\" alt=\"Image\">\n\n\t\n\t\n<\/figure>\n<\/div><\/div><\/div><\/div><\/div><\/section><section  class=\"content-section no-spacing\" style=\"background-color: #085251;\"><div class=\"container\"><div class=\"vc_row wpb_row vc_row-fluid vc_custom_1660303955893 vc_row-o-content-middle vc_row-flex\"><div class=\"wpb_column vc_column_container vc_col-sm-12 vc_col-md-6\"><div class=\"vc_column-inner vc_custom_1604246220479\"><div class=\"wpb_wrapper\"><figure class=\"side-image full-left\" > \n\t\n\t\n\t\t\t\t\n\t\t\t\n\t<img decoding=\"async\" src=\"https:\/\/oceanslakesrivershipping.com\/wp-content\/uploads\/2022\/09\/ship-management.jpg\" alt=\"Image\">\n\n\t\n\t\n<\/figure>\n<\/div><\/div><\/div><div class=\"wpb_column vc_column_container vc_col-sm-12 vc_col-md-6\"><div class=\"vc_column-inner vc_custom_1604246143201\"><div class=\"wpb_wrapper\">\n\n\n\n<div style='color:#ffffff;' class=\"side-content right\" >\n\n\t<h3>Representadores de Barcos<\/h3>\n<p>Como profesionales marinos experimentados, lo ayudamos a administrar y ejecutar de manera proactiva sus necesidades en su nombre, especialmente cuando no tiene el conocimiento de la industria, el tiempo o los recursos internos para hacerlo usted mismo.<\/p>\n<p>Un representante del propietario act\u00faa como los ojos y los o\u00eddos del propietario durante todo el proceso con el \u00fanico prop\u00f3sito de minimizar los riesgos, prevenir problemas y eliminar sorpresas para garantizar la finalizaci\u00f3n a tiempo y dentro del presupuesto.<\/p>\n\n  \n\t \n\t\n<\/div>\n<\/div><\/div><\/div><\/div><\/div><\/section><section  class=\"content-section no-spacing\" style=\"background-color: #efebe6;\"><div class=\"container\"><div class=\"vc_row wpb_row vc_row-fluid vc_custom_1660308190475 vc_row-o-content-middle vc_row-flex\"><div class=\"wpb_column vc_column_container vc_col-sm-12 vc_col-md-6\"><div class=\"vc_column-inner vc_custom_1665623535528\"><div class=\"wpb_wrapper\">\n\n\n\n<div style='color:#0a0a0a;' class=\"side-content left\" >\n\n\t<h3>Auditores MLC<\/h3>\n<p>Podemos realizar una auditor\u00eda de verificaci\u00f3n de MLC independiente en nombre del equipo de gesti\u00f3n de una empresa o del propietario del barco.<\/p>\n<p style=\"text-decoration: underline;\">El Convenio MLC cubre las siguientes \u00e1reas:<\/p>\n<ul>\n<li>Requisitos m\u00ednimos para que la gente de mar trabaje en un buque<\/li>\n<li>Condiciones del empleo<\/li>\n<li>Alojamiento, instalaciones recreativas, comida y catering.<\/li>\n<li>Protecci\u00f3n de la salud, atenci\u00f3n m\u00e9dica, bienestar y protecci\u00f3n de la seguridad social<\/li>\n<li>Cumplimiento y aplicaci\u00f3n<\/li>\n<\/ul>\n<p>Generamos informes concisos y precisos identificando no conformidades, observaciones y anotaciones destacadas. Nuestro objetivo es ayudar a nuestros clientes a eliminar las no conformidades y brindar soluciones pragm\u00e1ticas a los problemas de cumplimiento.<\/p>\n\n  \n\t \n\t\n<\/div>\n<\/div><\/div><\/div><div class=\"wpb_column vc_column_container vc_col-sm-12 vc_col-md-6\"><div class=\"vc_column-inner vc_custom_1604246161374\"><div class=\"wpb_wrapper\"><figure class=\"side-image full-right\" > \n\t\n\t\n\t\t\t\t\n\t\t\t\n\t<img decoding=\"async\" src=\"https:\/\/oceanslakesrivershipping.com\/wp-content\/uploads\/2023\/02\/ship-auditor-small.jpg\" alt=\"Image\">\n\n\t\n\t\n<\/figure>\n<\/div><\/div><\/div><\/div><\/div><\/section><section  class=\"content-section no-spacing\" ><div class=\"container\"><div class=\"vc_row wpb_row vc_row-fluid vc_custom_1665622988907\"><div class=\"wpb_column vc_column_container vc_col-sm-12\"><div class=\"vc_column-inner\"><div class=\"wpb_wrapper\">\n\n\n\n<div style='background:#085251; color:#ffffff;' class=\"contact-bar\" >\n\t\n\t\n\t\n\t\n\t\n  \t <h2>Cont\u00e1ctanos hoy!<\/h2>\n    \n\t \t <p>\u00bfEres propietario de un barco?<br \/>\nLe gustar\u00eda tener una cotizaci\u00f3n o si tiene preguntas<\/p>\n  \t\n\t  <a href=\"\/contact\/\">CONTACTARNOS!<\/a>\n   \n\t\n<\/div>\n<\/div><\/div><\/div><\/div><\/div><\/section>","protected":false},"excerpt":{"rendered":"PROFESSIONAL MARITIME SERVICES Crewing Management Oceans Lakes &amp; River's main core business is crewing - manning of ships. We give a special attention when selecting seafarers for our clients. All our selected seafarers are background checked and as of right now they are also required to have all vaccines (covid-19) up to date. Ship Crewing [...]","protected":false},"author":1,"featured_media":0,"parent":0,"menu_order":0,"comment_status":"closed","ping_status":"closed","template":"page-builder.php","meta":{"footnotes":""},"class_list":["post-25","page","type-page","status-publish","hentry"],"acf":[],"yoast_head":"<!-- This site is optimized with the Yoast SEO plugin v26.9 - https:\/\/yoast.com\/product\/yoast-seo-wordpress\/ -->\n<title>Services - Oceans Lakes &amp; Rivers Shipping<\/title>\n<meta name=\"description\" content=\"Maritime crew management services\" \/>\n<meta name=\"robots\" content=\"index, follow, max-snippet:-1, max-image-preview:large, max-video-preview:-1\" \/>\n<link rel=\"canonical\" href=\"https:\/\/oceanslakesrivershipping.com\/es\/services\/\" \/>\n<meta property=\"og:locale\" content=\"es_ES\" \/>\n<meta property=\"og:type\" content=\"article\" \/>\n<meta property=\"og:title\" content=\"Services - Oceans Lakes &amp; Rivers Shipping\" \/>\n<meta property=\"og:description\" content=\"Maritime crew management services\" \/>\n<meta property=\"og:url\" content=\"https:\/\/oceanslakesrivershipping.com\/es\/services\/\" \/>\n<meta property=\"og:site_name\" content=\"Oceans Lakes &amp; Rivers Shipping\" \/>\n<meta property=\"article:modified_time\" content=\"2023-02-07T02:34:35+00:00\" \/>\n<meta name=\"twitter:card\" content=\"summary_large_image\" \/>\n<meta name=\"twitter:label1\" content=\"Tiempo de lectura\" \/>\n\t<meta name=\"twitter:data1\" content=\"4 minutos\" \/>\n<script type=\"application\/ld+json\" class=\"yoast-schema-graph\">{\"@context\":\"https:\/\/schema.org\",\"@graph\":[{\"@type\":\"WebPage\",\"@id\":\"https:\/\/oceanslakesrivershipping.com\/services\/\",\"url\":\"https:\/\/oceanslakesrivershipping.com\/services\/\",\"name\":\"Services - Oceans Lakes &amp; Rivers Shipping\",\"isPartOf\":{\"@id\":\"https:\/\/oceanslakesrivershipping.com\/#website\"},\"datePublished\":\"2020-10-30T12:11:44+00:00\",\"dateModified\":\"2023-02-07T02:34:35+00:00\",\"description\":\"Maritime crew management services\",\"breadcrumb\":{\"@id\":\"https:\/\/oceanslakesrivershipping.com\/services\/#breadcrumb\"},\"inLanguage\":\"es\",\"potentialAction\":[{\"@type\":\"ReadAction\",\"target\":[\"https:\/\/oceanslakesrivershipping.com\/services\/\"]}]},{\"@type\":\"BreadcrumbList\",\"@id\":\"https:\/\/oceanslakesrivershipping.com\/services\/#breadcrumb\",\"itemListElement\":[{\"@type\":\"ListItem\",\"position\":1,\"name\":\"Home\",\"item\":\"https:\/\/oceanslakesrivershipping.com\/\"},{\"@type\":\"ListItem\",\"position\":2,\"name\":\"Services\"}]},{\"@type\":\"WebSite\",\"@id\":\"https:\/\/oceanslakesrivershipping.com\/#website\",\"url\":\"https:\/\/oceanslakesrivershipping.com\/\",\"name\":\"Oceans Lakes & Rivers Shipping\",\"description\":\"Ship crew management\",\"publisher\":{\"@id\":\"https:\/\/oceanslakesrivershipping.com\/#organization\"},\"alternateName\":\"Oceans Lakes & Rivers Maritime Crewing\",\"potentialAction\":[{\"@type\":\"SearchAction\",\"target\":{\"@type\":\"EntryPoint\",\"urlTemplate\":\"https:\/\/oceanslakesrivershipping.com\/?s={search_term_string}\"},\"query-input\":{\"@type\":\"PropertyValueSpecification\",\"valueRequired\":true,\"valueName\":\"search_term_string\"}}],\"inLanguage\":\"es\"},{\"@type\":\"Organization\",\"@id\":\"https:\/\/oceanslakesrivershipping.com\/#organization\",\"name\":\"Oceans Lakes & Rivers Shipping\",\"url\":\"https:\/\/oceanslakesrivershipping.com\/\",\"logo\":{\"@type\":\"ImageObject\",\"inLanguage\":\"es\",\"@id\":\"https:\/\/oceanslakesrivershipping.com\/#\/schema\/logo\/image\/\",\"url\":\"https:\/\/oceanslakesrivershipping.com\/wp-content\/uploads\/2022\/08\/olr_logo@2x-1.png\",\"contentUrl\":\"https:\/\/oceanslakesrivershipping.com\/wp-content\/uploads\/2022\/08\/olr_logo@2x-1.png\",\"width\":379,\"height\":110,\"caption\":\"Oceans Lakes & Rivers Shipping\"},\"image\":{\"@id\":\"https:\/\/oceanslakesrivershipping.com\/#\/schema\/logo\/image\/\"}}]}<\/script>\n<!-- \/ Yoast SEO plugin. -->","yoast_head_json":{"title":"Services - Oceans Lakes &amp; Rivers Shipping","description":"Maritime crew management services","robots":{"index":"index","follow":"follow","max-snippet":"max-snippet:-1","max-image-preview":"max-image-preview:large","max-video-preview":"max-video-preview:-1"},"canonical":"https:\/\/oceanslakesrivershipping.com\/es\/services\/","og_locale":"es_ES","og_type":"article","og_title":"Services - Oceans Lakes &amp; Rivers Shipping","og_description":"Maritime crew management services","og_url":"https:\/\/oceanslakesrivershipping.com\/es\/services\/","og_site_name":"Oceans Lakes &amp; Rivers Shipping","article_modified_time":"2023-02-07T02:34:35+00:00","twitter_card":"summary_large_image","twitter_misc":{"Tiempo de lectura":"4 minutos"},"schema":{"@context":"https:\/\/schema.org","@graph":[{"@type":"WebPage","@id":"https:\/\/oceanslakesrivershipping.com\/services\/","url":"https:\/\/oceanslakesrivershipping.com\/services\/","name":"Services - Oceans Lakes &amp; Rivers Shipping","isPartOf":{"@id":"https:\/\/oceanslakesrivershipping.com\/#website"},"datePublished":"2020-10-30T12:11:44+00:00","dateModified":"2023-02-07T02:34:35+00:00","description":"Maritime crew management services","breadcrumb":{"@id":"https:\/\/oceanslakesrivershipping.com\/services\/#breadcrumb"},"inLanguage":"es","potentialAction":[{"@type":"ReadAction","target":["https:\/\/oceanslakesrivershipping.com\/services\/"]}]},{"@type":"BreadcrumbList","@id":"https:\/\/oceanslakesrivershipping.com\/services\/#breadcrumb","itemListElement":[{"@type":"ListItem","position":1,"name":"Home","item":"https:\/\/oceanslakesrivershipping.com\/"},{"@type":"ListItem","position":2,"name":"Services"}]},{"@type":"WebSite","@id":"https:\/\/oceanslakesrivershipping.com\/#website","url":"https:\/\/oceanslakesrivershipping.com\/","name":"Oceans Lakes & Rivers Shipping","description":"Ship crew management","publisher":{"@id":"https:\/\/oceanslakesrivershipping.com\/#organization"},"alternateName":"Oceans Lakes & Rivers Maritime Crewing","potentialAction":[{"@type":"SearchAction","target":{"@type":"EntryPoint","urlTemplate":"https:\/\/oceanslakesrivershipping.com\/?s={search_term_string}"},"query-input":{"@type":"PropertyValueSpecification","valueRequired":true,"valueName":"search_term_string"}}],"inLanguage":"es"},{"@type":"Organization","@id":"https:\/\/oceanslakesrivershipping.com\/#organization","name":"Oceans Lakes & Rivers Shipping","url":"https:\/\/oceanslakesrivershipping.com\/","logo":{"@type":"ImageObject","inLanguage":"es","@id":"https:\/\/oceanslakesrivershipping.com\/#\/schema\/logo\/image\/","url":"https:\/\/oceanslakesrivershipping.com\/wp-content\/uploads\/2022\/08\/olr_logo@2x-1.png","contentUrl":"https:\/\/oceanslakesrivershipping.com\/wp-content\/uploads\/2022\/08\/olr_logo@2x-1.png","width":379,"height":110,"caption":"Oceans Lakes & Rivers Shipping"},"image":{"@id":"https:\/\/oceanslakesrivershipping.com\/#\/schema\/logo\/image\/"}}]}},"_links":{"self":[{"href":"https:\/\/oceanslakesrivershipping.com\/es\/wp-json\/wp\/v2\/pages\/25","targetHints":{"allow":["GET"]}}],"collection":[{"href":"https:\/\/oceanslakesrivershipping.com\/es\/wp-json\/wp\/v2\/pages"}],"about":[{"href":"https:\/\/oceanslakesrivershipping.com\/es\/wp-json\/wp\/v2\/types\/page"}],"author":[{"embeddable":true,"href":"https:\/\/oceanslakesrivershipping.com\/es\/wp-json\/wp\/v2\/users\/1"}],"replies":[{"embeddable":true,"href":"https:\/\/oceanslakesrivershipping.com\/es\/wp-json\/wp\/v2\/comments?post=25"}],"version-history":[{"count":23,"href":"https:\/\/oceanslakesrivershipping.com\/es\/wp-json\/wp\/v2\/pages\/25\/revisions"}],"predecessor-version":[{"id":2830,"href":"https:\/\/oceanslakesrivershipping.com\/es\/wp-json\/wp\/v2\/pages\/25\/revisions\/2830"}],"wp:attachment":[{"href":"https:\/\/oceanslakesrivershipping.com\/es\/wp-json\/wp\/v2\/media?parent=25"}],"curies":[{"name":"wp","href":"https:\/\/api.w.org\/{rel}","templated":true}]}}