{"id":315,"date":"2020-10-30T12:04:36","date_gmt":"2020-10-30T12:04:36","guid":{"rendered":"http:\/\/qesco.themezinho.net\/?page_id=7"},"modified":"2023-03-23T00:52:38","modified_gmt":"2023-03-23T00:52:38","slug":"about","status":"publish","type":"page","link":"https:\/\/oceanslakesrivershipping.com\/es\/about\/","title":{"rendered":"Qui\u00e9nes somos"},"content":{"rendered":"<section  class=\"content-section\" ><div class=\"vc_row wpb_row vc_row-fluid vc_custom_1604136462742\"><div class=\"wpb_column vc_column_container vc_col-sm-12\"><div class=\"vc_column-inner vc_custom_1604136467430\"><div class=\"wpb_wrapper\"><div class=\"container\"><div class=\"vc_row wpb_row vc_inner vc_row-fluid\"><div class=\"wpb_column vc_column_container vc_col-sm-12\"><div class=\"vc_column-inner\"><div class=\"wpb_wrapper\"><div class=\"section-title\"  style='color:#212223;' >\n\t\n\t\n\t\n\t\n\t \t<figure> <img decoding=\"async\" src=\"https:\/\/oceanslakesrivershipping.com\/wp-content\/themes\/qesco\/images\/section-title-shape.png\" alt=\"Image\"> <\/figure>\n\t\t\n  \n\t    <h2>PERFIL DE LA EMPRESA<\/h2>\n  \t\n\t   <p>Cuidamos siempre la calidad, el conocimiento, la profesionalidad y la conciencia de seguridad por encima de todo.<\/p>\n  <\/div>\n<\/div><\/div><\/div><\/div><\/div><div class=\"container\"><div class=\"vc_row wpb_row vc_inner vc_row-fluid vc_custom_1665618968997\"><div class=\"wpb_column vc_column_container vc_col-sm-12\"><div class=\"vc_column-inner\"><div class=\"wpb_wrapper\"><div  class=\"text-box\" > <p>Oceans Lakes &amp; Rivers shipping S.A.C. is a private crew management and manning company based in Peru.<br \/>\nNuestras principales actividades son la gesti\u00f3n de tripulaciones-tripulaci\u00f3n, los Viajes de Tripulaci\u00f3n encarg\u00e1ndonos del embarque-desembarque y la Formaci\u00f3n de Tripulaciones sobre los requerimientos espec\u00edficos de nuestros clientes-armadores.<\/p>\n<p>Brindamos a los armadores y administradores de buques servicios de gesti\u00f3n de personal de calidad adaptados espec\u00edficamente a los requisitos de los clientes. OLR realiza actividades de tripulaci\u00f3n para la industria naviera, especialmente en el sector offshore.<\/p>\n <\/div>\n<\/div><\/div><\/div><\/div><\/div><\/div><\/div><\/div><\/div><\/section><section  class=\"content-section no-spacing\" ><div class=\"vc_row wpb_row vc_row-fluid vc_custom_1604157258669\"><div class=\"wpb_column vc_column_container vc_col-sm-12\"><div class=\"vc_column-inner vc_custom_1604157264263\"><div class=\"wpb_wrapper\"><div class=\"tab-content\"  >\n\n    <ul class=\"tab-nav\">\n            <li><a href=\"#tab1\">\n\t\tRepresentante\t\t  <\/a><\/li>\n            <li><a href=\"#tab2\">\n\t\tGesti\u00f3n de Tripulacion\t\t  <\/a><\/li>\n            <li><a href=\"#tab3\">\n\t\tAuditores MLC\t\t  <\/a><\/li>\n          <\/ul>\n   \n \n\n        <div id=\"tab1\" class=\"tab-item\">\n\t\t\n\t\t<div class=\"tab-inner\">\n        <figure> <img decoding=\"async\" src=\"https:\/\/oceanslakesrivershipping.com\/wp-content\/uploads\/2022\/09\/ship-survayor2.jpg\" alt=\"Ship Owners Representative\"><\/figure>\n        <div class=\"content\">\n          <h3>Representadores de Barcos<\/h3>\n\t\t\t<p>Como profesionales marinos experimentados, lo ayudamos a administrar y ejecutar proactivamente sus necesidades en su nombre.\n<\/p>        <\/div>\n        <!-- end content --> \n      <\/div>\n\t\t\n\t\t\n\t\t <\/div>\n        <div id=\"tab2\" class=\"tab-item\">\n\t\t\n\t\t<div class=\"tab-inner\">\n        <figure> <img decoding=\"async\" src=\"https:\/\/oceanslakesrivershipping.com\/wp-content\/uploads\/2023\/02\/ship-rep-about.jpg\" alt=\"Crewing Management\"><\/figure>\n        <div class=\"content\">\n          <h3>Gesti\u00f3n de Tripulacion<\/h3>\n\t\t\t<p>El principal negocio de Oceans Lakes &amp; River es la dotaci\u00f3n de tripulantes de barcos. Prestamos especial atenci\u00f3n a la hora de seleccionar gente de mar para nuestros clientes, podemos encargarnos de VISAS para gente de mar as\u00ed como de seguros.<\/p>        <\/div>\n        <!-- end content --> \n      <\/div>\n\t\t\n\t\t\n\t\t <\/div>\n        <div id=\"tab3\" class=\"tab-item\">\n\t\t\n\t\t<div class=\"tab-inner\">\n        <figure> <img decoding=\"async\" src=\"https:\/\/oceanslakesrivershipping.com\/wp-content\/uploads\/2023\/02\/mlc-auditor-about.jpg\" alt=\" MLC auditors\"><\/figure>\n        <div class=\"content\">\n          <h3> Auditores MLC<\/h3>\n\t\t\t<p>Podemos realizar una auditor\u00eda de verificaci\u00f3n de MLC independiente en nombre del equipo de gesti\u00f3n de una empresa o del propietario del barco.<\/p>        <\/div>\n        <!-- end content --> \n      <\/div>\n\t\t\n\t\t\n\t\t <\/div>\n     \n<\/div>\n<!-- end tan-content -->\n<\/div><\/div><\/div><\/div><\/section>","protected":false},"excerpt":{"rendered":"COMPANY PROFILE We always take care of quality, knowledge, professionalism and safety awareness above all. Oceans Lakes &amp; Rivers shipping S.A.C. is a private crew management and manning company based in Peru. Our main activities are crew management-manning, Crew Travel where taking care about the embarkation-disembarkation and the Crew Training on the specific requirements of [...]","protected":false},"author":1,"featured_media":0,"parent":0,"menu_order":0,"comment_status":"closed","ping_status":"closed","template":"page-builder.php","meta":{"footnotes":""},"class_list":["post-315","page","type-page","status-publish","hentry"],"acf":[],"yoast_head":"<!-- This site is optimized with the Yoast SEO plugin v26.9 - https:\/\/yoast.com\/product\/yoast-seo-wordpress\/ -->\n<title>About - Oceans Lakes &amp; Rivers Shipping<\/title>\n<meta name=\"description\" content=\"Maritime crew management services\" \/>\n<meta name=\"robots\" content=\"index, follow, max-snippet:-1, max-image-preview:large, max-video-preview:-1\" \/>\n<link rel=\"canonical\" href=\"https:\/\/oceanslakesrivershipping.com\/es\/about\/\" \/>\n<meta property=\"og:locale\" content=\"es_ES\" \/>\n<meta property=\"og:type\" content=\"article\" \/>\n<meta property=\"og:title\" content=\"About - Oceans Lakes &amp; Rivers Shipping\" \/>\n<meta property=\"og:description\" content=\"Maritime crew management services\" \/>\n<meta property=\"og:url\" content=\"https:\/\/oceanslakesrivershipping.com\/es\/about\/\" \/>\n<meta property=\"og:site_name\" content=\"Oceans Lakes &amp; Rivers Shipping\" \/>\n<meta property=\"article:modified_time\" content=\"2023-03-23T00:52:38+00:00\" \/>\n<meta name=\"twitter:card\" content=\"summary_large_image\" \/>\n<meta name=\"twitter:label1\" content=\"Tiempo de lectura\" \/>\n\t<meta name=\"twitter:data1\" content=\"2 minutos\" \/>\n<script type=\"application\/ld+json\" class=\"yoast-schema-graph\">{\"@context\":\"https:\/\/schema.org\",\"@graph\":[{\"@type\":\"WebPage\",\"@id\":\"https:\/\/oceanslakesrivershipping.com\/about\/\",\"url\":\"https:\/\/oceanslakesrivershipping.com\/about\/\",\"name\":\"About - Oceans Lakes &amp; Rivers Shipping\",\"isPartOf\":{\"@id\":\"https:\/\/oceanslakesrivershipping.com\/#website\"},\"datePublished\":\"2020-10-30T12:04:36+00:00\",\"dateModified\":\"2023-03-23T00:52:38+00:00\",\"description\":\"Maritime crew management services\",\"breadcrumb\":{\"@id\":\"https:\/\/oceanslakesrivershipping.com\/about\/#breadcrumb\"},\"inLanguage\":\"es\",\"potentialAction\":[{\"@type\":\"ReadAction\",\"target\":[\"https:\/\/oceanslakesrivershipping.com\/about\/\"]}]},{\"@type\":\"BreadcrumbList\",\"@id\":\"https:\/\/oceanslakesrivershipping.com\/about\/#breadcrumb\",\"itemListElement\":[{\"@type\":\"ListItem\",\"position\":1,\"name\":\"Home\",\"item\":\"https:\/\/oceanslakesrivershipping.com\/\"},{\"@type\":\"ListItem\",\"position\":2,\"name\":\"About\"}]},{\"@type\":\"WebSite\",\"@id\":\"https:\/\/oceanslakesrivershipping.com\/#website\",\"url\":\"https:\/\/oceanslakesrivershipping.com\/\",\"name\":\"Oceans Lakes & Rivers Shipping\",\"description\":\"Ship crew management\",\"publisher\":{\"@id\":\"https:\/\/oceanslakesrivershipping.com\/#organization\"},\"alternateName\":\"Oceans Lakes & Rivers Maritime Crewing\",\"potentialAction\":[{\"@type\":\"SearchAction\",\"target\":{\"@type\":\"EntryPoint\",\"urlTemplate\":\"https:\/\/oceanslakesrivershipping.com\/?s={search_term_string}\"},\"query-input\":{\"@type\":\"PropertyValueSpecification\",\"valueRequired\":true,\"valueName\":\"search_term_string\"}}],\"inLanguage\":\"es\"},{\"@type\":\"Organization\",\"@id\":\"https:\/\/oceanslakesrivershipping.com\/#organization\",\"name\":\"Oceans Lakes & Rivers Shipping\",\"url\":\"https:\/\/oceanslakesrivershipping.com\/\",\"logo\":{\"@type\":\"ImageObject\",\"inLanguage\":\"es\",\"@id\":\"https:\/\/oceanslakesrivershipping.com\/#\/schema\/logo\/image\/\",\"url\":\"https:\/\/oceanslakesrivershipping.com\/wp-content\/uploads\/2022\/08\/olr_logo@2x-1.png\",\"contentUrl\":\"https:\/\/oceanslakesrivershipping.com\/wp-content\/uploads\/2022\/08\/olr_logo@2x-1.png\",\"width\":379,\"height\":110,\"caption\":\"Oceans Lakes & Rivers Shipping\"},\"image\":{\"@id\":\"https:\/\/oceanslakesrivershipping.com\/#\/schema\/logo\/image\/\"}}]}<\/script>\n<!-- \/ Yoast SEO plugin. -->","yoast_head_json":{"title":"About - Oceans Lakes &amp; Rivers Shipping","description":"Maritime crew management services","robots":{"index":"index","follow":"follow","max-snippet":"max-snippet:-1","max-image-preview":"max-image-preview:large","max-video-preview":"max-video-preview:-1"},"canonical":"https:\/\/oceanslakesrivershipping.com\/es\/about\/","og_locale":"es_ES","og_type":"article","og_title":"About - Oceans Lakes &amp; Rivers Shipping","og_description":"Maritime crew management services","og_url":"https:\/\/oceanslakesrivershipping.com\/es\/about\/","og_site_name":"Oceans Lakes &amp; Rivers Shipping","article_modified_time":"2023-03-23T00:52:38+00:00","twitter_card":"summary_large_image","twitter_misc":{"Tiempo de lectura":"2 minutos"},"schema":{"@context":"https:\/\/schema.org","@graph":[{"@type":"WebPage","@id":"https:\/\/oceanslakesrivershipping.com\/about\/","url":"https:\/\/oceanslakesrivershipping.com\/about\/","name":"About - Oceans Lakes &amp; Rivers Shipping","isPartOf":{"@id":"https:\/\/oceanslakesrivershipping.com\/#website"},"datePublished":"2020-10-30T12:04:36+00:00","dateModified":"2023-03-23T00:52:38+00:00","description":"Maritime crew management services","breadcrumb":{"@id":"https:\/\/oceanslakesrivershipping.com\/about\/#breadcrumb"},"inLanguage":"es","potentialAction":[{"@type":"ReadAction","target":["https:\/\/oceanslakesrivershipping.com\/about\/"]}]},{"@type":"BreadcrumbList","@id":"https:\/\/oceanslakesrivershipping.com\/about\/#breadcrumb","itemListElement":[{"@type":"ListItem","position":1,"name":"Home","item":"https:\/\/oceanslakesrivershipping.com\/"},{"@type":"ListItem","position":2,"name":"About"}]},{"@type":"WebSite","@id":"https:\/\/oceanslakesrivershipping.com\/#website","url":"https:\/\/oceanslakesrivershipping.com\/","name":"Oceans Lakes & Rivers Shipping","description":"Ship crew management","publisher":{"@id":"https:\/\/oceanslakesrivershipping.com\/#organization"},"alternateName":"Oceans Lakes & Rivers Maritime Crewing","potentialAction":[{"@type":"SearchAction","target":{"@type":"EntryPoint","urlTemplate":"https:\/\/oceanslakesrivershipping.com\/?s={search_term_string}"},"query-input":{"@type":"PropertyValueSpecification","valueRequired":true,"valueName":"search_term_string"}}],"inLanguage":"es"},{"@type":"Organization","@id":"https:\/\/oceanslakesrivershipping.com\/#organization","name":"Oceans Lakes & Rivers Shipping","url":"https:\/\/oceanslakesrivershipping.com\/","logo":{"@type":"ImageObject","inLanguage":"es","@id":"https:\/\/oceanslakesrivershipping.com\/#\/schema\/logo\/image\/","url":"https:\/\/oceanslakesrivershipping.com\/wp-content\/uploads\/2022\/08\/olr_logo@2x-1.png","contentUrl":"https:\/\/oceanslakesrivershipping.com\/wp-content\/uploads\/2022\/08\/olr_logo@2x-1.png","width":379,"height":110,"caption":"Oceans Lakes & Rivers Shipping"},"image":{"@id":"https:\/\/oceanslakesrivershipping.com\/#\/schema\/logo\/image\/"}}]}},"_links":{"self":[{"href":"https:\/\/oceanslakesrivershipping.com\/es\/wp-json\/wp\/v2\/pages\/315","targetHints":{"allow":["GET"]}}],"collection":[{"href":"https:\/\/oceanslakesrivershipping.com\/es\/wp-json\/wp\/v2\/pages"}],"about":[{"href":"https:\/\/oceanslakesrivershipping.com\/es\/wp-json\/wp\/v2\/types\/page"}],"author":[{"embeddable":true,"href":"https:\/\/oceanslakesrivershipping.com\/es\/wp-json\/wp\/v2\/users\/1"}],"replies":[{"embeddable":true,"href":"https:\/\/oceanslakesrivershipping.com\/es\/wp-json\/wp\/v2\/comments?post=315"}],"version-history":[{"count":69,"href":"https:\/\/oceanslakesrivershipping.com\/es\/wp-json\/wp\/v2\/pages\/315\/revisions"}],"predecessor-version":[{"id":2984,"href":"https:\/\/oceanslakesrivershipping.com\/es\/wp-json\/wp\/v2\/pages\/315\/revisions\/2984"}],"wp:attachment":[{"href":"https:\/\/oceanslakesrivershipping.com\/es\/wp-json\/wp\/v2\/media?parent=315"}],"curies":[{"name":"wp","href":"https:\/\/api.w.org\/{rel}","templated":true}]}}