{"id":316,"date":"2020-10-30T12:05:36","date_gmt":"2020-10-30T12:05:36","guid":{"rendered":"http:\/\/qesco.themezinho.net\/?page_id=10"},"modified":"2023-03-23T00:35:43","modified_gmt":"2023-03-23T00:35:43","slug":"home","status":"publish","type":"page","link":"https:\/\/oceanslakesrivershipping.com\/es\/","title":{"rendered":"Home"},"content":{"rendered":"<section  class=\"content-section no-spacing\" ><div class=\"vc_row wpb_row vc_row-fluid vc_custom_1604074119281\"><div class=\"wpb_column vc_column_container vc_col-sm-12\"><div class=\"vc_column-inner vc_custom_1604074124319\"><div class=\"wpb_wrapper\"><header class=\"slider\">\n  <div class=\"main-slider\">\n    <div class=\"swiper-wrapper\">\n            <div class=\"swiper-slide\">\n\t\t \n\t\t  \n\t\t  \n        <div class=\"slide-image\" data-background=\"https:\/\/oceanslakesrivershipping.com\/wp-content\/uploads\/2023\/02\/marine-deck-officer-scaled.jpg\"><\/div>\n        <div class=\"slide-image-mobile\" data-background=\"https:\/\/oceanslakesrivershipping.com\/wp-content\/uploads\/2023\/02\/marine-deck-officer-mob.jpg\"><\/div>\n        <!-- end slide-image -->\n        <div class=\"container\">\n          <h1>\n            Agencia de tripulacion<br> de barcos          <\/h1>\n          <p>\n                      <\/p>\n                    <a href=\"https:\/\/oceanslakesrivershipping.com\/services\/\"> SABER M\u00c1S<\/a>\n                  <\/div>\n        <!-- end container --> \n      <\/div>\n      <!-- end swiper-slide -->\n            <div class=\"swiper-slide\">\n\t\t \n\t\t  \n\t\t  \n        <div class=\"slide-image\" data-background=\"https:\/\/oceanslakesrivershipping.com\/wp-content\/uploads\/2023\/02\/marine-deck-officer-or-chief-mate-on-deck-of-offsh-2021-09-03-20-44-26-utc-scaled.jpg\"><\/div>\n        <div class=\"slide-image-mobile\" data-background=\"https:\/\/oceanslakesrivershipping.com\/wp-content\/uploads\/2020\/10\/marine-deck-bg-mob.jpg\"><\/div>\n        <!-- end slide-image -->\n        <div class=\"container\">\n          <h1>\n            Postular a una<br> oportunidad laboral          <\/h1>\n          <p>\n                      <\/p>\n                    <a href=\"https:\/\/oceanslakesrivershipping.com\/crewing-job-apply\/\"> APLICAR<\/a>\n                  <\/div>\n        <!-- end container --> \n      <\/div>\n      <!-- end swiper-slide -->\n            <div class=\"swiper-slide\">\n\t\t \n\t\t  \n\t\t  \n        <div class=\"slide-image\" data-background=\"https:\/\/oceanslakesrivershipping.com\/wp-content\/uploads\/2020\/10\/crew-inspectingard-scaled.jpg\"><\/div>\n        <div class=\"slide-image-mobile\" data-background=\"https:\/\/oceanslakesrivershipping.com\/wp-content\/uploads\/2020\/10\/marine-deck-inpection-mob.jpg\"><\/div>\n        <!-- end slide-image -->\n        <div class=\"container\">\n          <h1>\n            Gesti\u00f3n de Tripulacion           <\/h1>\n          <p>\n                      <\/p>\n                    <a href=\"https:\/\/oceanslakesrivershipping.com\/services\/\"> SABER M\u00c1S<\/a>\n                  <\/div>\n        <!-- end container --> \n      <\/div>\n      <!-- end swiper-slide -->\n          <\/div>\n    <!-- end swiper-wrapper -->\n   \n\t  <div class=\"controls\">\n    <div class=\"button-prev\"><i class=\"lni lni-chevron-left\"><\/i>\n\t\t  \t<svg version=\"1.1\" xmlns=\"http:\/\/www.w3.org\/2000\/svg\" xmlns:xlink=\"http:\/\/www.w3.org\/1999\/xlink\" width=\"60\" height=\"60\" viewbox=\"0 0 30 30\" xml:space=\"preserve\">\n                <circle fill=\"none\" stroke=\"#fff\" stroke-width=\"2\" cx=\"15\" cy=\"15\" r=\"15\"><\/circle>\n              <\/svg>\n\t\t  <\/div>\n    <!-- end button-prev -->\n    <div class=\"swiper-pagination\"><\/div>\n    <!-- end swiper-pagination -->\n    <div class=\"button-next\"><i class=\"lni lni-chevron-right\"><\/i>\n\t\t  <svg version=\"1.1\" xmlns=\"http:\/\/www.w3.org\/2000\/svg\" xmlns:xlink=\"http:\/\/www.w3.org\/1999\/xlink\" width=\"60\" height=\"60\" viewbox=\"0 0 30 30\" xml:space=\"preserve\">\n                <circle fill=\"none\" stroke=\"#fff\" stroke-width=\"2\" cx=\"15\" cy=\"15\" r=\"15\"><\/circle>\n              <\/svg>\n\t\t  <\/div>\n    <!-- end button-next --> \n\t\t  <\/div>\n   \n  <\/div>\n  <!-- end main-slider --> \n  \n<\/header>\n<\/div><\/div><\/div><\/div><\/section><section  class=\"content-section section-note wpb_animate_when_almost_visible wpb_fadeIn fadeIn\" style=\"background-color: #dfe0db;\"><div class=\"container\"><div class=\"vc_row wpb_row vc_row-fluid wpb_animate_when_almost_visible wpb_fadeIn fadeIn\"><div class=\"wpb_animate_when_almost_visible wpb_fadeIn fadeIn wpb_column vc_column_container vc_col-sm-12\"><div class=\"vc_column-inner vc_custom_1665240145502\"><div class=\"wpb_wrapper\"><div style='color:#085251;' class=\"text-box\" > <p style=\"font-size: 24px;\">Ocean Lakes &amp; Rivers provides full Maritime crew management services for shipowners:<br \/>\ncrewing &#8211; manning for seafarers<\/p>\n<hr \/>\n <\/div>\n<\/div><\/div><\/div><\/div><\/div><\/section><section  class=\"content-section\" ><div class=\"container\"><div class=\"vc_row wpb_row vc_row-fluid justify-content-center\"><div class=\"wpb_column vc_column_container vc_col-sm-6 vc_col-md-4\"><div class=\"vc_column-inner\"><div class=\"wpb_wrapper\"><div class=\"icon-box\" >\n\t\n\t\n\t\n          <div class=\"inner\">\n            <figure> <img decoding=\"async\" src=\"https:\/\/oceanslakesrivershipping.com\/wp-content\/uploads\/2020\/10\/icon01.png\" alt=\"icon01\"> <\/figure>\n\t\t\t  \n                 <h6>Gesti\u00f3n de Tripulacion<\/h6>\n<p>Nos encargamos del reclutamiento, transporte, alojamiento, visas y m\u00e1s.<\/p>\n    \t\t\t  \n\t\t\t  \n\t\t\t    <a href=\"https:\/\/oceanslakesrivershipping.com\/services\/\" class=\"custom-link\">Saber m\u00e1s<\/a>\n  \t\t\t  \n\t\n\t\n\t<\/div>\n      \n\t\n\t\n\t\n  \n  \n<\/div>\n<\/div><\/div><\/div><div class=\"wpb_column vc_column_container vc_col-sm-6 vc_col-md-4\"><div class=\"vc_column-inner\"><div class=\"wpb_wrapper\"><div class=\"icon-box\" >\n\t\n\t\n\t\n          <div class=\"inner\">\n            <figure> <img decoding=\"async\" src=\"https:\/\/oceanslakesrivershipping.com\/wp-content\/uploads\/2020\/10\/icon02.png\" alt=\"icon02\"> <\/figure>\n\t\t\t  \n                 <h6>Representadores de Barcos<\/h6>\n<p>Le ayudamos a gestionar y ejecutar proactivamente su proyecto en su nombre<\/p>\n    \t\t\t  \n\t\t\t  \n\t\t\t    <a href=\"https:\/\/oceanslakesrivershipping.com\/services\/\" class=\"custom-link\">Saber m\u00e1s<\/a>\n  \t\t\t  \n\t\n\t\n\t<\/div>\n      \n\t\n\t\n\t\n  \n  \n<\/div>\n<\/div><\/div><\/div><div class=\"wpb_column vc_column_container vc_col-sm-4 vc_col-md-4\"><div class=\"vc_column-inner\"><div class=\"wpb_wrapper\"><div class=\"icon-box\" >\n\t\n\t\n\t\n          <div class=\"inner\">\n            <figure> <img decoding=\"async\" src=\"https:\/\/oceanslakesrivershipping.com\/wp-content\/uploads\/2020\/10\/icon03.png\" alt=\"icon03\"> <\/figure>\n\t\t\t  \n                 <h6>Auditores MLC<\/h6>\n<p>Podemos realizar una auditor\u00eda de verificaci\u00f3n de MLC independiente en nombre del equipo de gesti\u00f3n de una empresa.<\/p>\n    \t\t\t  \n\t\t\t  \n\t\t\t    <a href=\"https:\/\/oceanslakesrivershipping.com\/services\/\" class=\"custom-link\">Saber m\u00e1s<\/a>\n  \t\t\t  \n\t\n\t\n\t<\/div>\n      \n\t\n\t\n\t\n  \n  \n<\/div>\n<\/div><\/div><\/div><\/div><\/div><\/section><section  class=\"content-section no-spacing\" ><div class=\"container\"><div class=\"vc_row wpb_row vc_row-fluid vc_custom_1661864741217 vc_row-o-content-middle vc_row-flex\"><div class=\"no-top wpb_column vc_column_container vc_col-sm-12 vc_col-md-7\"><div class=\"vc_column-inner\"><div class=\"wpb_wrapper\"><div class=\"section-title  text-left\"  style='color:#212223;' >\n\t\n\t\n\t\n\t\n\t \t<figure> <img decoding=\"async\" src=\"https:\/\/oceanslakesrivershipping.com\/wp-content\/themes\/qesco\/images\/section-title-shape.png\" alt=\"Image\"> <\/figure>\n\t\t\n  \n\t    <h2>Soluci\u00f3n completa de tripulaci\u00f3n mar\u00edtimas<\/h2>\n  \t\n\t   <p>Expertos en gesti\u00f3n de tripulaci\u00f3n<\/p>\n  <\/div>\n\n\n\n\n<div  class=\"side-content left\" >\n\n\t<p>Ocean Lakes &amp; Rivers S.A.C. (OLR) is a premier maritime crew management <a href=\"https:\/\/oceanslakesrivershipping.com\/services\/\">servicios<\/a> company in Peru. OLR recruits, researches, and supplies highly qualified personnel to the marine industry.<\/p>\n<p>We take pride in providing professional and efficient crewing services to meet our clients&#8217; needs. At OLR, we recognize that crew management is crucial to running a successful shipping operation.<\/p>\n<p>That&#8217;s why we deliver high-quality services to ensure our clients&#8217; vessels have reliable, skilled crews.<\/p>\n<p>Our range of maritime crew management services includes crew recruitment, payroll management, and travel support services.<\/p>\n<p>We work closely with our clients to understand their specific crewing needs and tailor our services accordingly.<\/p>\n<p>OLR is committed to maintaining a safe and healthy working environment for all our crew members.<\/p>\n<p>We strictly adhere to safety protocols and regulations, ensuring that our personnel receive the necessary safety training and equipment.<\/p>\n\n  \n\t  <a href=\"\/logistics\/\" class=\"custom-button\">SABER M\u00c1S<\/a>\n   \n\t\n<\/div>\n<\/div><\/div><\/div><div class=\"wpb_column vc_column_container vc_col-sm-12 vc_col-md-5\"><div class=\"vc_column-inner\"><div class=\"wpb_wrapper\"><figure class=\"side-image\" > \n\t\n\t\n\t\t\t\t\n\t\t\t\n\t<img decoding=\"async\" src=\"https:\/\/oceanslakesrivershipping.com\/wp-content\/uploads\/2023\/02\/home-navigation-crew-1.jpg\" alt=\"Image\">\n\n\t\n\t\n<\/figure>\n<\/div><\/div><\/div><\/div><\/div><\/section><section data-stellar-background-ratio=\"Yes\" class=\"content-section text-center bg-image\" style=\"background: url(https:\/\/oceanslakesrivershipping.com\/wp-content\/uploads\/2023\/02\/aerial-view-container-ship-cargo-freight-shipping-2022-06-15-22-17-49-utc-scaled.jpg) center no-repeat; background-color: #afafaf;\"><div class=\"container\"><div class=\"vc_row wpb_row vc_row-fluid vc_custom_1675818007779\"><div class=\"wpb_column vc_column_container vc_col-sm-12\"><div class=\"vc_column-inner vc_custom_1604126379593\"><div class=\"wpb_wrapper\"><div class=\"cta-box\"  style='color:#ffffff;' >\n\t\n\t\n\t\n\t\n\t\n\t\n  \n\t    <h2>Listo para una consulta<\/h2>\n  \t\n\t   <p>Are you a ship owner? Would you wish to have a quote or if you have questions<\/p>\n  \t\n\t\n\t  <a href=\"\/contact\/\" class=\"custom-button\">Solicite una Cotizaci\u00f3n<\/a>\n  \t\n\t\t\n<\/div>\n\n\t<div class=\"wpb_text_column wpb_content_element  wpb_animate_when_almost_visible wpb_fadeIn fadeIn\" >\n\t\t<div class=\"wpb_wrapper\">\n\t\t\t<p><span style=\"color: #ffffff;\">Ofrecemos servicios completos y profesionales de tripulaci\u00f3n a la industria mar\u00edtima. Nuestro compromiso con la calidad, la seguridad y la excelencia asegura que nuestros clientes reciban el m\u00e1s alto est\u00e1ndar de servicios de apoyo a la tripulaci\u00f3n.<\/span><\/p>\n\n\t\t<\/div>\n\t<\/div>\n<\/div><\/div><\/div><\/div><\/div><\/section>","protected":false},"excerpt":{"rendered":"","protected":false},"author":1,"featured_media":0,"parent":0,"menu_order":0,"comment_status":"closed","ping_status":"closed","template":"page-builder.php","meta":{"footnotes":""},"class_list":["post-316","page","type-page","status-publish","hentry"],"acf":[],"yoast_head":"<!-- This site is optimized with the Yoast SEO plugin v26.9 - https:\/\/yoast.com\/product\/yoast-seo-wordpress\/ -->\n<title>Maritime crew management services<\/title>\n<meta name=\"description\" content=\"Efficient maritime crew management services for safe and compliant vessel operations. Contact us for more information.\" \/>\n<meta name=\"robots\" content=\"index, follow, max-snippet:-1, max-image-preview:large, max-video-preview:-1\" \/>\n<link rel=\"canonical\" href=\"https:\/\/oceanslakesrivershipping.com\/es\/\" \/>\n<meta property=\"og:locale\" content=\"es_ES\" \/>\n<meta property=\"og:type\" content=\"article\" \/>\n<meta property=\"og:title\" content=\"Maritime crew management services\" \/>\n<meta property=\"og:description\" content=\"Efficient maritime crew management services for safe and compliant vessel operations. Contact us for more information.\" \/>\n<meta property=\"og:url\" content=\"https:\/\/oceanslakesrivershipping.com\/es\/\" \/>\n<meta property=\"og:site_name\" content=\"Oceans Lakes &amp; Rivers Shipping\" \/>\n<meta property=\"article:modified_time\" content=\"2023-03-23T00:35:43+00:00\" \/>\n<meta name=\"twitter:card\" content=\"summary_large_image\" \/>\n<meta name=\"twitter:label1\" content=\"Tiempo de lectura\" \/>\n\t<meta name=\"twitter:data1\" content=\"3 minutos\" \/>\n<script type=\"application\/ld+json\" class=\"yoast-schema-graph\">{\"@context\":\"https:\/\/schema.org\",\"@graph\":[{\"@type\":\"WebPage\",\"@id\":\"https:\/\/oceanslakesrivershipping.com\/\",\"url\":\"https:\/\/oceanslakesrivershipping.com\/\",\"name\":\"Maritime crew management services\",\"isPartOf\":{\"@id\":\"https:\/\/oceanslakesrivershipping.com\/#website\"},\"datePublished\":\"2020-10-30T12:05:36+00:00\",\"dateModified\":\"2023-03-23T00:35:43+00:00\",\"description\":\"Efficient maritime crew management services for safe and compliant vessel operations. Contact us for more information.\",\"breadcrumb\":{\"@id\":\"https:\/\/oceanslakesrivershipping.com\/#breadcrumb\"},\"inLanguage\":\"es\",\"potentialAction\":[{\"@type\":\"ReadAction\",\"target\":[\"https:\/\/oceanslakesrivershipping.com\/\"]}]},{\"@type\":\"BreadcrumbList\",\"@id\":\"https:\/\/oceanslakesrivershipping.com\/#breadcrumb\",\"itemListElement\":[{\"@type\":\"ListItem\",\"position\":1,\"name\":\"Home\",\"item\":\"https:\/\/oceanslakesrivershipping.com\/\"},{\"@type\":\"ListItem\",\"position\":2,\"name\":\"Home\"}]},{\"@type\":\"WebSite\",\"@id\":\"https:\/\/oceanslakesrivershipping.com\/#website\",\"url\":\"https:\/\/oceanslakesrivershipping.com\/\",\"name\":\"Oceans Lakes & Rivers Shipping\",\"description\":\"Ship crew management\",\"publisher\":{\"@id\":\"https:\/\/oceanslakesrivershipping.com\/#organization\"},\"alternateName\":\"Oceans Lakes & Rivers Maritime Crewing\",\"potentialAction\":[{\"@type\":\"SearchAction\",\"target\":{\"@type\":\"EntryPoint\",\"urlTemplate\":\"https:\/\/oceanslakesrivershipping.com\/?s={search_term_string}\"},\"query-input\":{\"@type\":\"PropertyValueSpecification\",\"valueRequired\":true,\"valueName\":\"search_term_string\"}}],\"inLanguage\":\"es\"},{\"@type\":\"Organization\",\"@id\":\"https:\/\/oceanslakesrivershipping.com\/#organization\",\"name\":\"Oceans Lakes & Rivers Shipping\",\"url\":\"https:\/\/oceanslakesrivershipping.com\/\",\"logo\":{\"@type\":\"ImageObject\",\"inLanguage\":\"es\",\"@id\":\"https:\/\/oceanslakesrivershipping.com\/#\/schema\/logo\/image\/\",\"url\":\"https:\/\/oceanslakesrivershipping.com\/wp-content\/uploads\/2022\/08\/olr_logo@2x-1.png\",\"contentUrl\":\"https:\/\/oceanslakesrivershipping.com\/wp-content\/uploads\/2022\/08\/olr_logo@2x-1.png\",\"width\":379,\"height\":110,\"caption\":\"Oceans Lakes & Rivers Shipping\"},\"image\":{\"@id\":\"https:\/\/oceanslakesrivershipping.com\/#\/schema\/logo\/image\/\"}}]}<\/script>\n<!-- \/ Yoast SEO plugin. -->","yoast_head_json":{"title":"Maritime crew management services","description":"Efficient maritime crew management services for safe and compliant vessel operations. Contact us for more information.","robots":{"index":"index","follow":"follow","max-snippet":"max-snippet:-1","max-image-preview":"max-image-preview:large","max-video-preview":"max-video-preview:-1"},"canonical":"https:\/\/oceanslakesrivershipping.com\/es\/","og_locale":"es_ES","og_type":"article","og_title":"Maritime crew management services","og_description":"Efficient maritime crew management services for safe and compliant vessel operations. Contact us for more information.","og_url":"https:\/\/oceanslakesrivershipping.com\/es\/","og_site_name":"Oceans Lakes &amp; Rivers Shipping","article_modified_time":"2023-03-23T00:35:43+00:00","twitter_card":"summary_large_image","twitter_misc":{"Tiempo de lectura":"3 minutos"},"schema":{"@context":"https:\/\/schema.org","@graph":[{"@type":"WebPage","@id":"https:\/\/oceanslakesrivershipping.com\/","url":"https:\/\/oceanslakesrivershipping.com\/","name":"Maritime crew management services","isPartOf":{"@id":"https:\/\/oceanslakesrivershipping.com\/#website"},"datePublished":"2020-10-30T12:05:36+00:00","dateModified":"2023-03-23T00:35:43+00:00","description":"Efficient maritime crew management services for safe and compliant vessel operations. Contact us for more information.","breadcrumb":{"@id":"https:\/\/oceanslakesrivershipping.com\/#breadcrumb"},"inLanguage":"es","potentialAction":[{"@type":"ReadAction","target":["https:\/\/oceanslakesrivershipping.com\/"]}]},{"@type":"BreadcrumbList","@id":"https:\/\/oceanslakesrivershipping.com\/#breadcrumb","itemListElement":[{"@type":"ListItem","position":1,"name":"Home","item":"https:\/\/oceanslakesrivershipping.com\/"},{"@type":"ListItem","position":2,"name":"Home"}]},{"@type":"WebSite","@id":"https:\/\/oceanslakesrivershipping.com\/#website","url":"https:\/\/oceanslakesrivershipping.com\/","name":"Oceans Lakes & Rivers Shipping","description":"Ship crew management","publisher":{"@id":"https:\/\/oceanslakesrivershipping.com\/#organization"},"alternateName":"Oceans Lakes & Rivers Maritime Crewing","potentialAction":[{"@type":"SearchAction","target":{"@type":"EntryPoint","urlTemplate":"https:\/\/oceanslakesrivershipping.com\/?s={search_term_string}"},"query-input":{"@type":"PropertyValueSpecification","valueRequired":true,"valueName":"search_term_string"}}],"inLanguage":"es"},{"@type":"Organization","@id":"https:\/\/oceanslakesrivershipping.com\/#organization","name":"Oceans Lakes & Rivers Shipping","url":"https:\/\/oceanslakesrivershipping.com\/","logo":{"@type":"ImageObject","inLanguage":"es","@id":"https:\/\/oceanslakesrivershipping.com\/#\/schema\/logo\/image\/","url":"https:\/\/oceanslakesrivershipping.com\/wp-content\/uploads\/2022\/08\/olr_logo@2x-1.png","contentUrl":"https:\/\/oceanslakesrivershipping.com\/wp-content\/uploads\/2022\/08\/olr_logo@2x-1.png","width":379,"height":110,"caption":"Oceans Lakes & Rivers Shipping"},"image":{"@id":"https:\/\/oceanslakesrivershipping.com\/#\/schema\/logo\/image\/"}}]}},"_links":{"self":[{"href":"https:\/\/oceanslakesrivershipping.com\/es\/wp-json\/wp\/v2\/pages\/316","targetHints":{"allow":["GET"]}}],"collection":[{"href":"https:\/\/oceanslakesrivershipping.com\/es\/wp-json\/wp\/v2\/pages"}],"about":[{"href":"https:\/\/oceanslakesrivershipping.com\/es\/wp-json\/wp\/v2\/types\/page"}],"author":[{"embeddable":true,"href":"https:\/\/oceanslakesrivershipping.com\/es\/wp-json\/wp\/v2\/users\/1"}],"replies":[{"embeddable":true,"href":"https:\/\/oceanslakesrivershipping.com\/es\/wp-json\/wp\/v2\/comments?post=316"}],"version-history":[{"count":101,"href":"https:\/\/oceanslakesrivershipping.com\/es\/wp-json\/wp\/v2\/pages\/316\/revisions"}],"predecessor-version":[{"id":2983,"href":"https:\/\/oceanslakesrivershipping.com\/es\/wp-json\/wp\/v2\/pages\/316\/revisions\/2983"}],"wp:attachment":[{"href":"https:\/\/oceanslakesrivershipping.com\/es\/wp-json\/wp\/v2\/media?parent=316"}],"curies":[{"name":"wp","href":"https:\/\/api.w.org\/{rel}","templated":true}]}}